{"id":658,"date":"2019-09-30T20:30:23","date_gmt":"2019-10-01T00:30:23","guid":{"rendered":"http:\/\/clients-conceptsk8.com\/languewendat\/?page_id=658"},"modified":"2020-05-29T13:38:58","modified_gmt":"2020-05-29T17:38:58","slug":"credits","status":"publish","type":"page","link":"https:\/\/languewendat.com\/en\/credits\/","title":{"rendered":"Credits"},"content":{"rendered":"\t\t<div data-elementor-type=\"wp-post\" data-elementor-id=\"658\" class=\"elementor elementor-658\" data-elementor-settings=\"[]\">\n\t\t\t\t\t\t<div class=\"elementor-inner\">\n\t\t\t\t\t\t\t<div class=\"elementor-section-wrap\">\n\t\t\t\t\t\t\t<section class=\"elementor-section elementor-top-section elementor-element elementor-element-7c89838d elementor-section-stretched elementor-section-height-min-height elementor-section-boxed elementor-section-height-default elementor-section-items-middle\" data-id=\"7c89838d\" data-element_type=\"section\" data-settings=\"{&quot;stretch_section&quot;:&quot;section-stretched&quot;,&quot;background_background&quot;:&quot;classic&quot;}\">\n\t\t\t\t\t\t<div class=\"elementor-container elementor-column-gap-default\">\n\t\t\t\t\t\t\t<div class=\"elementor-row\">\n\t\t\t\t\t<div class=\"aux-parallax-section elementor-column elementor-col-50 elementor-top-column elementor-element elementor-element-51ad86fa aux-appear-watch-animation aux-fade-in-right\" data-id=\"51ad86fa\" data-element_type=\"column\">\n\t\t\t<div class=\"elementor-column-wrap elementor-element-populated\">\n\t\t\t\t\t\t\t<div class=\"elementor-widget-wrap\">\n\t\t\t\t\t\t<div class=\"elementor-element elementor-element-65ae90d0 elementor-widget elementor-widget-aux_modern_heading\" data-id=\"65ae90d0\" data-element_type=\"widget\" data-widget_type=\"aux_modern_heading.default\">\n\t\t\t\t<div class=\"elementor-widget-container\">\n\t\t\t<section class=\"aux-widget-modern-heading\">\n            <div class=\"aux-widget-inner\"><h2 class=\"aux-modern-heading-primary\">Credits<\/h2><\/div>\n        <\/section>\t\t<\/div>\n\t\t\t\t<\/div>\n\t\t\t\t<div class=\"elementor-element elementor-element-d9abf02 elementor-widget elementor-widget-aux_icon_list\" data-id=\"d9abf02\" data-element_type=\"widget\" data-widget_type=\"aux_icon_list.default\">\n\t\t\t\t<div class=\"elementor-widget-container\">\n\t\t\t<section class=\"widget-container aux-widget-icon-list aux-parent-auede8f042\" style=\"\" ><div class=\"widget-inner\"><div class=\"aux-widget-icon-list-inner\"><ul class=\"aux-icon-list-items aux-direction-horizontal\" ><li class=\"aux-icon-list-item aux-list-item-has-connector aux-list-item-has-icon aux-icon-list-item-904f4f0 elementor-repeater-item-904f4f0\" ><a class=\"aux-icon-list-link\" href=\"https:\/\/languewendat.com\/en\/\" ><span class=\"aux-icon-list-text\" >Home<\/span><span class=\"aux-list-connector\" ><\/span><\/a><\/li><li class=\"aux-icon-list-item aux-list-item-has-connector aux-list-item-has-icon aux-icon-list-item-3c7ae45 elementor-repeater-item-3c7ae45\" ><a class=\"aux-icon-list-link\" href=\"https:\/\/languewendat.com\/en\/revitalisation\/\" ><span class=\"aux-icon-list-icon auxicon-chevron-right-1\" ><\/span><span class=\"aux-icon-list-text\" >Revitalization<\/span><span class=\"aux-list-connector\" ><\/span><\/a><\/li><li class=\"aux-icon-list-item aux-list-item-has-connector aux-list-item-has-icon aux-icon-list-item-c35166c elementor-repeater-item-c35166c\" ><a class=\"aux-icon-list-link\" href=\"#\" ><span class=\"aux-icon-list-icon auxicon-chevron-right-1\" ><\/span><span class=\"aux-icon-list-text\" >Credits<\/span><span class=\"aux-list-connector\" ><\/span><\/a><\/li><\/ul><\/div><\/div><\/section><!-- widget-container -->\t\t<\/div>\n\t\t\t\t<\/div>\n\t\t\t\t\t\t<\/div>\n\t\t\t\t\t<\/div>\n\t\t<\/div>\n\t\t\t\t<div class=\"aux-parallax-section elementor-column elementor-col-50 elementor-top-column elementor-element elementor-element-139f3d95\" data-id=\"139f3d95\" data-element_type=\"column\">\n\t\t\t<div class=\"elementor-column-wrap\">\n\t\t\t\t\t\t\t<div class=\"elementor-widget-wrap\">\n\t\t\t\t\t\t\t\t<\/div>\n\t\t\t\t\t<\/div>\n\t\t<\/div>\n\t\t\t\t\t\t\t\t<\/div>\n\t\t\t\t\t<\/div>\n\t\t<\/section>\n\t\t\t\t<section class=\"elementor-section elementor-top-section elementor-element elementor-element-5af4131 elementor-section-boxed elementor-section-height-default elementor-section-height-default\" data-id=\"5af4131\" data-element_type=\"section\">\n\t\t\t\t\t\t<div class=\"elementor-container elementor-column-gap-default\">\n\t\t\t\t\t\t\t<div class=\"elementor-row\">\n\t\t\t\t\t<div class=\"aux-parallax-section elementor-column elementor-col-100 elementor-top-column elementor-element elementor-element-7ddb420\" data-id=\"7ddb420\" data-element_type=\"column\">\n\t\t\t<div class=\"elementor-column-wrap elementor-element-populated\">\n\t\t\t\t\t\t\t<div class=\"elementor-widget-wrap\">\n\t\t\t\t\t\t<div class=\"elementor-element elementor-element-49d9de1 aux-appear-watch-animation aux-fade-in-up elementor-widget elementor-widget-aux_modern_heading\" data-id=\"49d9de1\" data-element_type=\"widget\" data-widget_type=\"aux_modern_heading.default\">\n\t\t\t\t<div class=\"elementor-widget-container\">\n\t\t\t<section class=\"aux-widget-modern-heading\">\n            <div class=\"aux-widget-inner\"><h2 class=\"aux-modern-heading-primary\"><\/h2><h3 class=\"aux-modern-heading-secondary\"><span class=\"aux-head-before\">Credits<\/span><\/h3><div class=\"aux-modern-heading-divider\"><\/div><div class=\"aux-modern-heading-description\"><p>This website was created by employees of the CDFM Huron-Wendat:<\/p><\/div><\/div>\n        <\/section>\t\t<\/div>\n\t\t\t\t<\/div>\n\t\t\t\t\t\t<\/div>\n\t\t\t\t\t<\/div>\n\t\t<\/div>\n\t\t\t\t\t\t\t\t<\/div>\n\t\t\t\t\t<\/div>\n\t\t<\/section>\n\t\t\t\t<section class=\"elementor-section elementor-top-section elementor-element elementor-element-ca2a472 elementor-section-content-middle elementor-section-boxed elementor-section-height-default elementor-section-height-default\" data-id=\"ca2a472\" data-element_type=\"section\">\n\t\t\t\t\t\t<div class=\"elementor-container elementor-column-gap-default\">\n\t\t\t\t\t\t\t<div class=\"elementor-row\">\n\t\t\t\t\t<div class=\"aux-parallax-section elementor-column elementor-col-33 elementor-top-column elementor-element elementor-element-2ce959dd\" data-id=\"2ce959dd\" data-element_type=\"column\">\n\t\t\t<div class=\"elementor-column-wrap elementor-element-populated\">\n\t\t\t\t\t\t\t<div class=\"elementor-widget-wrap\">\n\t\t\t\t\t\t<div class=\"elementor-element elementor-element-86f8332 aux-appear-watch-animation aux-fade-in-up elementor-widget elementor-widget-aux_modern_heading\" data-id=\"86f8332\" data-element_type=\"widget\" data-widget_type=\"aux_modern_heading.default\">\n\t\t\t\t<div class=\"elementor-widget-container\">\n\t\t\t<section class=\"aux-widget-modern-heading\">\n            <div class=\"aux-widget-inner\"><h2 class=\"aux-modern-heading-primary\">Project ILA 1\n<\/h2><h3 class=\"aux-modern-heading-secondary\"><span class=\"aux-head-after\">2017<\/span><\/h3><div class=\"aux-modern-heading-divider\"><\/div><div class=\"aux-modern-heading-description\"><ul><li>Project management: Julie B. Vincent<\/li><li>Coordination of the project: Megan Lukaniec, Jos\u00e9e Dion and Marcel Godbout<\/li><li>Linguist (reconstruction and standardization of linguistic data): Megan Lukaniec<\/li><li>Writing, correction and translation of texts: Megan Lukaniec, Jos\u00e9e Dion, Marcel Godbout, Nancy Laveau, Jos\u00e9e Dumont, Julie-Christine Lainey and Arakwa Sioui<\/li><li>Lessons and exercises development: Arakwa Sioui<\/li><li>Sound recordings: Arakwa Sioui and Louis-Karl Picard-Sioui<\/li><li>Image research and collection: Andr\u00e9e Levesque<\/li><li>Coding of multimedia files: Arakwa Sioui, Andr\u00e9e Levesque and Megan Lukaniec<\/li><\/ul><\/div><\/div>\n        <\/section>\t\t<\/div>\n\t\t\t\t<\/div>\n\t\t\t\t\t\t<\/div>\n\t\t\t\t\t<\/div>\n\t\t<\/div>\n\t\t\t\t<div class=\"aux-parallax-section elementor-column elementor-col-33 elementor-top-column elementor-element elementor-element-5e4132fa\" data-id=\"5e4132fa\" data-element_type=\"column\">\n\t\t\t<div class=\"elementor-column-wrap\">\n\t\t\t\t\t\t\t<div class=\"elementor-widget-wrap\">\n\t\t\t\t\t\t\t\t<\/div>\n\t\t\t\t\t<\/div>\n\t\t<\/div>\n\t\t\t\t<div class=\"aux-parallax-section elementor-column elementor-col-33 elementor-top-column elementor-element elementor-element-1d8d0f19 aux-appear-watch-animation aux-scale-down\" data-id=\"1d8d0f19\" data-element_type=\"column\">\n\t\t\t<div class=\"elementor-column-wrap elementor-element-populated\">\n\t\t\t\t\t\t\t<div class=\"elementor-widget-wrap\">\n\t\t\t\t\t\t<div class=\"elementor-element elementor-element-8731998 aux-appear-watch-animation aux-fade-in-up elementor-widget elementor-widget-aux_modern_heading\" data-id=\"8731998\" data-element_type=\"widget\" data-widget_type=\"aux_modern_heading.default\">\n\t\t\t\t<div class=\"elementor-widget-container\">\n\t\t\t<section class=\"aux-widget-modern-heading\">\n            <div class=\"aux-widget-inner\"><h2 class=\"aux-modern-heading-primary\">Project ILA 2\n<\/h2><h3 class=\"aux-modern-heading-secondary\"><span class=\"aux-head-after\">2018<\/span><\/h3><div class=\"aux-modern-heading-divider\"><\/div><div class=\"aux-modern-heading-description\"><ul><li>Project management: Isabelle Therrien and Jos\u00e9e Dion<\/li><li>Coordination of the project: Arakwa Siou\u00ef<\/li><li>Linguist (reconstruction and standardization of linguistic data): Megan Lukaniec<\/li><li>Writing, correction and translation of texts: Megan Lukaniec, Jos\u00e9e Dion, Nancy Laveau, Manon Laveau, Jos\u00e9e Dion, Adam Lacoursi\u00e8re and Arakwa Siou\u00ef<\/li><li>Lessons interactive games and exercises development: Arakwa Sioui<\/li><li>Sound recordings: Andr\u00e9e Levesque, James Clouston and Arakwa Siou\u00ef<\/li><li>Image research and collection: Arakwa Siou\u00ef<\/li><li>Coding of multimedia files: Arakwa Siou\u00ef and Megan Lukaniec<\/li><\/ul><\/div><\/div>\n        <\/section>\t\t<\/div>\n\t\t\t\t<\/div>\n\t\t\t\t\t\t<\/div>\n\t\t\t\t\t<\/div>\n\t\t<\/div>\n\t\t\t\t\t\t\t\t<\/div>\n\t\t\t\t\t<\/div>\n\t\t<\/section>\n\t\t\t\t<section class=\"elementor-section elementor-top-section elementor-element elementor-element-30d947a elementor-section-boxed elementor-section-height-default elementor-section-height-default\" data-id=\"30d947a\" data-element_type=\"section\">\n\t\t\t\t\t\t<div class=\"elementor-container elementor-column-gap-default\">\n\t\t\t\t\t\t\t<div class=\"elementor-row\">\n\t\t\t\t\t<div class=\"aux-parallax-section elementor-column elementor-col-100 elementor-top-column elementor-element elementor-element-30b82ae\" data-id=\"30b82ae\" data-element_type=\"column\">\n\t\t\t<div class=\"elementor-column-wrap elementor-element-populated\">\n\t\t\t\t\t\t\t<div class=\"elementor-widget-wrap\">\n\t\t\t\t\t\t<div class=\"elementor-element elementor-element-aefa5f5 elementor-widget elementor-widget-text-editor\" data-id=\"aefa5f5\" data-element_type=\"widget\" data-widget_type=\"text-editor.default\">\n\t\t\t\t<div class=\"elementor-widget-container\">\n\t\t\t\t\t<div class=\"elementor-text-editor elementor-clearfix\"><p>This project was made possible through the Aboriginal Languages Initiative (ALI), a component of the Aboriginal Peoples\u2019 Program from the government of \u200b <a href=\"https:\/\/www.canada.ca\/fr.html\" target=\"_blank\" rel=\"noopener\">Canada<\/a>.<\/p><\/div>\n\t\t\t\t<\/div>\n\t\t\t\t<\/div>\n\t\t\t\t\t\t<\/div>\n\t\t\t\t\t<\/div>\n\t\t<\/div>\n\t\t\t\t\t\t\t\t<\/div>\n\t\t\t\t\t<\/div>\n\t\t<\/section>\n\t\t\t\t<section class=\"elementor-section elementor-top-section elementor-element elementor-element-73e2d548 elementor-section-stretched elementor-section-boxed elementor-section-height-default elementor-section-height-default\" data-id=\"73e2d548\" data-element_type=\"section\" data-settings=\"{&quot;background_background&quot;:&quot;classic&quot;,&quot;stretch_section&quot;:&quot;section-stretched&quot;}\">\n\t\t\t\t\t\t\t<div class=\"elementor-background-overlay\"><\/div>\n\t\t\t\t\t\t\t<div class=\"elementor-container elementor-column-gap-default\">\n\t\t\t\t\t\t\t<div class=\"elementor-row\">\n\t\t\t\t\t<div class=\"aux-parallax-section elementor-column elementor-col-100 elementor-top-column elementor-element elementor-element-63189864\" data-id=\"63189864\" data-element_type=\"column\">\n\t\t\t<div class=\"elementor-column-wrap elementor-element-populated\">\n\t\t\t\t\t\t\t<div class=\"elementor-widget-wrap\">\n\t\t\t\t\t\t<div class=\"elementor-element elementor-element-db297fb elementor-widget elementor-widget-aux_modern_heading\" data-id=\"db297fb\" data-element_type=\"widget\" data-widget_type=\"aux_modern_heading.default\">\n\t\t\t\t<div class=\"elementor-widget-container\">\n\t\t\t<section class=\"aux-widget-modern-heading\">\n            <div class=\"aux-widget-inner\"><h2 class=\"aux-modern-heading-primary\">Please cite any information and linguistic data obtained from this website using one of the following formats.<\/h2><div class=\"aux-modern-heading-divider\"><\/div><div class=\"aux-modern-heading-description\"><p><strong>To cite this website:<\/strong><\/p><p>APA format<\/p><p>CDFM Huron-Wendat. (2017). [Name of page]. Wendat Language Site. Retrieved from [URL].<br \/><br \/><\/p><p>MLA format<\/p><p>CDFM Huron-Wendat. \u201c[Name of page]\u201d. 2017. Wendat Language Site, [URL]. Accessed [DATE].<br \/><br \/><\/p><p><strong>To cite a dictionary entry:<\/strong><\/p><p>APA format<\/p>[ENTRY]. (n.d.) In the Wendat Online Dictionary. Retrieved from [URL for entry].<br \/><br \/><\/p><p>MLA format<\/p><p>\u201c[ENTRY]\u201d. Wendat Online Dictionary, [URL for entry]. Accessed [DATE].<\/p><\/div><\/div>\n        <\/section>\t\t<\/div>\n\t\t\t\t<\/div>\n\t\t\t\t\t\t<\/div>\n\t\t\t\t\t<\/div>\n\t\t<\/div>\n\t\t\t\t\t\t\t\t<\/div>\n\t\t\t\t\t<\/div>\n\t\t<\/section>\n\t\t\t\t\t\t<\/div>\n\t\t\t\t\t\t<\/div>\n\t\t\t\t\t<\/div>\n\t\t","protected":false},"excerpt":{"rendered":"<p>Credits Home Revitalization Credits Credits This website was created by employees of the CDFM Huron-Wendat: Project ILA 1 2017 Project management: Julie B. Vincent Coordination of the project: Megan Lukaniec, Jos\u00e9e Dion and Marcel Godbout Linguist (reconstruction and standardization of linguistic data): Megan Lukaniec Writing, correction and translation of texts: Megan Lukaniec, Jos\u00e9e Dion, Marcel [&hellip;]<\/p>\n","protected":false},"author":1,"featured_media":0,"parent":0,"menu_order":0,"comment_status":"closed","ping_status":"closed","template":"","meta":[],"_links":{"self":[{"href":"https:\/\/languewendat.com\/en\/wp-json\/wp\/v2\/pages\/658\/"}],"collection":[{"href":"https:\/\/languewendat.com\/en\/wp-json\/wp\/v2\/pages\/"}],"about":[{"href":"https:\/\/languewendat.com\/en\/wp-json\/wp\/v2\/types\/page\/"}],"author":[{"embeddable":true,"href":"https:\/\/languewendat.com\/en\/wp-json\/wp\/v2\/users\/1\/"}],"replies":[{"embeddable":true,"href":"https:\/\/languewendat.com\/en\/wp-json\/wp\/v2\/comments\/?post=658"}],"version-history":[{"count":14,"href":"https:\/\/languewendat.com\/en\/wp-json\/wp\/v2\/pages\/658\/revisions\/"}],"predecessor-version":[{"id":1138,"href":"https:\/\/languewendat.com\/en\/wp-json\/wp\/v2\/pages\/658\/revisions\/1138\/"}],"wp:attachment":[{"href":"https:\/\/languewendat.com\/en\/wp-json\/wp\/v2\/media\/?parent=658"}],"curies":[{"name":"wp","href":"https:\/\/api.w.org\/{rel}","templated":true}]}}